{"id":379,"date":"2023-10-04T13:53:53","date_gmt":"2023-10-04T11:53:53","guid":{"rendered":"https:\/\/zumaiamusikaeskola.eus\/?page_id=379"},"modified":"2025-05-16T12:23:22","modified_gmt":"2025-05-16T10:23:22","slug":"documentacion","status":"publish","type":"page","link":"https:\/\/zumaiamusikaeskola.eus\/es\/documentacion\/","title":{"rendered":"Documentaci\u00f3n"},"content":{"rendered":"<h2>REGLAS DE MATRICULACI\u00d3N<\/h2>\n<ul>\n<li>ALTAS ALUMNADO<\/li>\n<li>BAJAS ALUMNADO<\/li>\n<li><a class=\"linka\" href=\"https:\/\/zumaiamusikaeskola.eus\/wp-content\/uploads\/2025\/05\/IKASLEEN-BAJAK-ETA-ALTAK-ELEBITAN.pdf\" target=\"_blank\" rel=\"noopener\">Descargar documentaci\u00f3n<i class=\"bi bi-arrow-down-square-fill\"><\/i><\/a><\/li>\n<\/ul>\n<h2>MATR\u00cdCULA<\/h2>\n<ul>\n<li><a class=\"linka\" href=\"https:\/\/zumaiamusikaeskola.eus\/wp-content\/uploads\/2025\/05\/MATRIKULA-INPRIMAKIA-2025-26-ELEBITAN.pdf\" target=\"_blank\" rel=\"noopener\">Descargar hoja de matr\u00edcula<i class=\"bi bi-arrow-down-square-fill\"><\/i><\/a><\/li>\n<\/ul>\n<h2>CUOTAS<\/h2>\n<ul>\n<li>CUOTA MENSUAL<\/li>\n<li>CUOTA TRIMESTRAL<\/li>\n<li><a class=\"linka\" href=\"https:\/\/zumaiamusikaeskola.eus\/wp-content\/uploads\/2025\/05\/KUOTAK-2025-26-ELEBITAN-1.pdf\" target=\"_blank\" rel=\"noopener\">Descargar hoja de cuotas<i class=\"bi bi-arrow-down-square-fill\"><\/i><\/a><\/li>\n<\/ul>\n<h2>BONIFICACIONES FAMILIAS NUMEROSAS<\/h2>\n<ul>\n<li><a class=\"linka\" href=\"https:\/\/zumaiamusikaeskola.eus\/wp-content\/uploads\/2023\/10\/4.4-BONIFICACIONES-FAMILIAS-NUMEROSAS.docx.pdf\" target=\"_blank\" rel=\"noopener\">Descargar informaci\u00f3n<i class=\"bi bi-arrow-down-square-fill\"><\/i><\/a><\/li>\n<\/ul>\n<h2>SOLICITUD DE AUTORIZACI\u00d3N PARA EL USO DE IM\u00c1GENES DE ALUMNOS<\/h2>\n<ul>\n<li><a class=\"linka\" href=\"https:\/\/zumaiamusikaeskola.eus\/wp-content\/uploads\/2025\/05\/BAIMEN-ESKAERA-2025-26.pdf\" target=\"_blank\" rel=\"noopener\">Descargar hoja de autorizaci\u00f3n<i class=\"bi bi-arrow-down-square-fill\"><\/i><\/a><\/li>\n<\/ul>\n<h2>AUTORIZACI\u00d3N DE SALIDAS<\/h2>\n<ul>\n<li><a class=\"linka\" href=\"https:\/\/zumaiamusikaeskola.eus\/wp-content\/uploads\/2023\/10\/Solicitud_Permiso_Salidas.pdf\" target=\"_blank\" rel=\"noopener\">Descargar hoja de autorizaci\u00f3n<i class=\"bi bi-arrow-down-square-fill\"><\/i><\/a><\/li>\n<\/ul>\n","protected":false},"excerpt":{"rendered":"<p>REGLAS DE MATRICULACI\u00d3N ALTAS ALUMNADO BAJAS ALUMNADO Descargar documentaci\u00f3n MATR\u00cdCULA Descargar hoja de matr\u00edcula CUOTAS CUOTA MENSUAL CUOTA TRIMESTRAL Descargar hoja de cuotas BONIFICACIONES FAMILIAS NUMEROSAS Descargar informaci\u00f3n SOLICITUD DE AUTORIZACI\u00d3N PARA EL USO DE IM\u00c1GENES DE ALUMNOS Descargar hoja de autorizaci\u00f3n AUTORIZACI\u00d3N DE SALIDAS Descargar hoja de autorizaci\u00f3n<\/p>\n","protected":false},"author":1,"featured_media":1037,"parent":0,"menu_order":0,"comment_status":"closed","ping_status":"closed","template":"template-ikasturtea.php","meta":{"_acf_changed":false,"footnotes":""},"class_list":["post-379","page","type-page","status-publish","has-post-thumbnail","hentry"],"acf":[],"yoast_head":"<!-- This site is optimized with the Yoast SEO plugin v26.2 - https:\/\/yoast.com\/wordpress\/plugins\/seo\/ -->\n<title>Documentaci\u00f3n | Zumaiako Musika Eskola<\/title>\n<meta name=\"description\" content=\"Proceso de matriculaci\u00f3n para nuevos estudiantes, altas y bajas del alumnado, autorizaci\u00f3n para salidas, gesti\u00f3n de permisos escolares.\" \/>\n<meta name=\"robots\" content=\"index, follow, max-snippet:-1, max-image-preview:large, max-video-preview:-1\" \/>\n<link rel=\"canonical\" href=\"https:\/\/zumaiamusikaeskola.eus\/es\/documentacion\/\" \/>\n<meta property=\"og:locale\" content=\"es_ES\" \/>\n<meta property=\"og:type\" content=\"article\" \/>\n<meta property=\"og:title\" content=\"Documentaci\u00f3n | Zumaiako Musika Eskola\" \/>\n<meta property=\"og:description\" content=\"Proceso de matriculaci\u00f3n para nuevos estudiantes, altas y bajas del alumnado, autorizaci\u00f3n para salidas, gesti\u00f3n de permisos escolares.\" \/>\n<meta property=\"og:url\" content=\"https:\/\/zumaiamusikaeskola.eus\/es\/documentacion\/\" \/>\n<meta property=\"og:site_name\" content=\"Zumaiako Musika Eskola\" \/>\n<meta property=\"article:modified_time\" content=\"2025-05-16T10:23:22+00:00\" \/>\n<meta property=\"og:image\" content=\"https:\/\/zumaiamusikaeskola.eus\/wp-content\/uploads\/2024\/11\/DANTZA-EMANALDIA-2-36-scaled.jpg\" \/>\n\t<meta property=\"og:image:width\" content=\"2560\" \/>\n\t<meta property=\"og:image:height\" content=\"1440\" \/>\n\t<meta property=\"og:image:type\" content=\"image\/jpeg\" \/>\n<meta name=\"twitter:card\" content=\"summary_large_image\" \/>\n<meta name=\"twitter:label1\" content=\"Tiempo de lectura\" \/>\n\t<meta name=\"twitter:data1\" content=\"1 minuto\" \/>\n<script type=\"application\/ld+json\" class=\"yoast-schema-graph\">{\"@context\":\"https:\/\/schema.org\",\"@graph\":[{\"@type\":\"WebPage\",\"@id\":\"https:\/\/zumaiamusikaeskola.eus\/es\/documentacion\/\",\"url\":\"https:\/\/zumaiamusikaeskola.eus\/es\/documentacion\/\",\"name\":\"Documentaci\u00f3n | Zumaiako Musika Eskola\",\"isPartOf\":{\"@id\":\"https:\/\/zumaiamusikaeskola.eus\/es\/#website\"},\"primaryImageOfPage\":{\"@id\":\"https:\/\/zumaiamusikaeskola.eus\/es\/documentacion\/#primaryimage\"},\"image\":{\"@id\":\"https:\/\/zumaiamusikaeskola.eus\/es\/documentacion\/#primaryimage\"},\"thumbnailUrl\":\"https:\/\/zumaiamusikaeskola.eus\/wp-content\/uploads\/2024\/11\/DANTZA-EMANALDIA-2-36-scaled.jpg\",\"datePublished\":\"2023-10-04T11:53:53+00:00\",\"dateModified\":\"2025-05-16T10:23:22+00:00\",\"description\":\"Proceso de matriculaci\u00f3n para nuevos estudiantes, altas y bajas del alumnado, autorizaci\u00f3n para salidas, gesti\u00f3n de permisos escolares.\",\"breadcrumb\":{\"@id\":\"https:\/\/zumaiamusikaeskola.eus\/es\/documentacion\/#breadcrumb\"},\"inLanguage\":\"es\",\"potentialAction\":[{\"@type\":\"ReadAction\",\"target\":[\"https:\/\/zumaiamusikaeskola.eus\/es\/documentacion\/\"]}]},{\"@type\":\"ImageObject\",\"inLanguage\":\"es\",\"@id\":\"https:\/\/zumaiamusikaeskola.eus\/es\/documentacion\/#primaryimage\",\"url\":\"https:\/\/zumaiamusikaeskola.eus\/wp-content\/uploads\/2024\/11\/DANTZA-EMANALDIA-2-36-scaled.jpg\",\"contentUrl\":\"https:\/\/zumaiamusikaeskola.eus\/wp-content\/uploads\/2024\/11\/DANTZA-EMANALDIA-2-36-scaled.jpg\",\"width\":2560,\"height\":1440},{\"@type\":\"BreadcrumbList\",\"@id\":\"https:\/\/zumaiamusikaeskola.eus\/es\/documentacion\/#breadcrumb\",\"itemListElement\":[{\"@type\":\"ListItem\",\"position\":1,\"name\":\"Home\",\"item\":\"https:\/\/zumaiamusikaeskola.eus\/es\/\"},{\"@type\":\"ListItem\",\"position\":2,\"name\":\"Documentaci\u00f3n\"}]},{\"@type\":\"WebSite\",\"@id\":\"https:\/\/zumaiamusikaeskola.eus\/es\/#website\",\"url\":\"https:\/\/zumaiamusikaeskola.eus\/es\/\",\"name\":\"Zumaiako Musika Eskola\",\"description\":\"Txori Txiki\",\"publisher\":{\"@id\":\"https:\/\/zumaiamusikaeskola.eus\/es\/#organization\"},\"potentialAction\":[{\"@type\":\"SearchAction\",\"target\":{\"@type\":\"EntryPoint\",\"urlTemplate\":\"https:\/\/zumaiamusikaeskola.eus\/es\/?s={search_term_string}\"},\"query-input\":{\"@type\":\"PropertyValueSpecification\",\"valueRequired\":true,\"valueName\":\"search_term_string\"}}],\"inLanguage\":\"es\"},{\"@type\":\"Organization\",\"@id\":\"https:\/\/zumaiamusikaeskola.eus\/es\/#organization\",\"name\":\"Zumaiako Musika Eskola\",\"url\":\"https:\/\/zumaiamusikaeskola.eus\/es\/\",\"logo\":{\"@type\":\"ImageObject\",\"inLanguage\":\"es\",\"@id\":\"https:\/\/zumaiamusikaeskola.eus\/es\/#\/schema\/logo\/image\/\",\"url\":\"https:\/\/zumaiamusikaeskola.eus\/wp-content\/uploads\/2023\/05\/Zumaia_Musika_Eskola-logoa_osoa-1.png\",\"contentUrl\":\"https:\/\/zumaiamusikaeskola.eus\/wp-content\/uploads\/2023\/05\/Zumaia_Musika_Eskola-logoa_osoa-1.png\",\"width\":703,\"height\":317,\"caption\":\"Zumaiako Musika Eskola\"},\"image\":{\"@id\":\"https:\/\/zumaiamusikaeskola.eus\/es\/#\/schema\/logo\/image\/\"}}]}<\/script>\n<!-- \/ Yoast SEO plugin. -->","yoast_head_json":{"title":"Documentaci\u00f3n | Zumaiako Musika Eskola","description":"Proceso de matriculaci\u00f3n para nuevos estudiantes, altas y bajas del alumnado, autorizaci\u00f3n para salidas, gesti\u00f3n de permisos escolares.","robots":{"index":"index","follow":"follow","max-snippet":"max-snippet:-1","max-image-preview":"max-image-preview:large","max-video-preview":"max-video-preview:-1"},"canonical":"https:\/\/zumaiamusikaeskola.eus\/es\/documentacion\/","og_locale":"es_ES","og_type":"article","og_title":"Documentaci\u00f3n | Zumaiako Musika Eskola","og_description":"Proceso de matriculaci\u00f3n para nuevos estudiantes, altas y bajas del alumnado, autorizaci\u00f3n para salidas, gesti\u00f3n de permisos escolares.","og_url":"https:\/\/zumaiamusikaeskola.eus\/es\/documentacion\/","og_site_name":"Zumaiako Musika Eskola","article_modified_time":"2025-05-16T10:23:22+00:00","og_image":[{"width":2560,"height":1440,"url":"https:\/\/zumaiamusikaeskola.eus\/wp-content\/uploads\/2024\/11\/DANTZA-EMANALDIA-2-36-scaled.jpg","type":"image\/jpeg"}],"twitter_card":"summary_large_image","twitter_misc":{"Tiempo de lectura":"1 minuto"},"schema":{"@context":"https:\/\/schema.org","@graph":[{"@type":"WebPage","@id":"https:\/\/zumaiamusikaeskola.eus\/es\/documentacion\/","url":"https:\/\/zumaiamusikaeskola.eus\/es\/documentacion\/","name":"Documentaci\u00f3n | Zumaiako Musika Eskola","isPartOf":{"@id":"https:\/\/zumaiamusikaeskola.eus\/es\/#website"},"primaryImageOfPage":{"@id":"https:\/\/zumaiamusikaeskola.eus\/es\/documentacion\/#primaryimage"},"image":{"@id":"https:\/\/zumaiamusikaeskola.eus\/es\/documentacion\/#primaryimage"},"thumbnailUrl":"https:\/\/zumaiamusikaeskola.eus\/wp-content\/uploads\/2024\/11\/DANTZA-EMANALDIA-2-36-scaled.jpg","datePublished":"2023-10-04T11:53:53+00:00","dateModified":"2025-05-16T10:23:22+00:00","description":"Proceso de matriculaci\u00f3n para nuevos estudiantes, altas y bajas del alumnado, autorizaci\u00f3n para salidas, gesti\u00f3n de permisos escolares.","breadcrumb":{"@id":"https:\/\/zumaiamusikaeskola.eus\/es\/documentacion\/#breadcrumb"},"inLanguage":"es","potentialAction":[{"@type":"ReadAction","target":["https:\/\/zumaiamusikaeskola.eus\/es\/documentacion\/"]}]},{"@type":"ImageObject","inLanguage":"es","@id":"https:\/\/zumaiamusikaeskola.eus\/es\/documentacion\/#primaryimage","url":"https:\/\/zumaiamusikaeskola.eus\/wp-content\/uploads\/2024\/11\/DANTZA-EMANALDIA-2-36-scaled.jpg","contentUrl":"https:\/\/zumaiamusikaeskola.eus\/wp-content\/uploads\/2024\/11\/DANTZA-EMANALDIA-2-36-scaled.jpg","width":2560,"height":1440},{"@type":"BreadcrumbList","@id":"https:\/\/zumaiamusikaeskola.eus\/es\/documentacion\/#breadcrumb","itemListElement":[{"@type":"ListItem","position":1,"name":"Home","item":"https:\/\/zumaiamusikaeskola.eus\/es\/"},{"@type":"ListItem","position":2,"name":"Documentaci\u00f3n"}]},{"@type":"WebSite","@id":"https:\/\/zumaiamusikaeskola.eus\/es\/#website","url":"https:\/\/zumaiamusikaeskola.eus\/es\/","name":"Zumaiako Musika Eskola","description":"Txori Txiki","publisher":{"@id":"https:\/\/zumaiamusikaeskola.eus\/es\/#organization"},"potentialAction":[{"@type":"SearchAction","target":{"@type":"EntryPoint","urlTemplate":"https:\/\/zumaiamusikaeskola.eus\/es\/?s={search_term_string}"},"query-input":{"@type":"PropertyValueSpecification","valueRequired":true,"valueName":"search_term_string"}}],"inLanguage":"es"},{"@type":"Organization","@id":"https:\/\/zumaiamusikaeskola.eus\/es\/#organization","name":"Zumaiako Musika Eskola","url":"https:\/\/zumaiamusikaeskola.eus\/es\/","logo":{"@type":"ImageObject","inLanguage":"es","@id":"https:\/\/zumaiamusikaeskola.eus\/es\/#\/schema\/logo\/image\/","url":"https:\/\/zumaiamusikaeskola.eus\/wp-content\/uploads\/2023\/05\/Zumaia_Musika_Eskola-logoa_osoa-1.png","contentUrl":"https:\/\/zumaiamusikaeskola.eus\/wp-content\/uploads\/2023\/05\/Zumaia_Musika_Eskola-logoa_osoa-1.png","width":703,"height":317,"caption":"Zumaiako Musika Eskola"},"image":{"@id":"https:\/\/zumaiamusikaeskola.eus\/es\/#\/schema\/logo\/image\/"}}]}},"_links":{"self":[{"href":"https:\/\/zumaiamusikaeskola.eus\/es\/wp-json\/wp\/v2\/pages\/379","targetHints":{"allow":["GET"]}}],"collection":[{"href":"https:\/\/zumaiamusikaeskola.eus\/es\/wp-json\/wp\/v2\/pages"}],"about":[{"href":"https:\/\/zumaiamusikaeskola.eus\/es\/wp-json\/wp\/v2\/types\/page"}],"author":[{"embeddable":true,"href":"https:\/\/zumaiamusikaeskola.eus\/es\/wp-json\/wp\/v2\/users\/1"}],"replies":[{"embeddable":true,"href":"https:\/\/zumaiamusikaeskola.eus\/es\/wp-json\/wp\/v2\/comments?post=379"}],"version-history":[{"count":16,"href":"https:\/\/zumaiamusikaeskola.eus\/es\/wp-json\/wp\/v2\/pages\/379\/revisions"}],"predecessor-version":[{"id":1172,"href":"https:\/\/zumaiamusikaeskola.eus\/es\/wp-json\/wp\/v2\/pages\/379\/revisions\/1172"}],"wp:featuredmedia":[{"embeddable":true,"href":"https:\/\/zumaiamusikaeskola.eus\/es\/wp-json\/wp\/v2\/media\/1037"}],"wp:attachment":[{"href":"https:\/\/zumaiamusikaeskola.eus\/es\/wp-json\/wp\/v2\/media?parent=379"}],"curies":[{"name":"wp","href":"https:\/\/api.w.org\/{rel}","templated":true}]}}